{"id":1577,"date":"2016-02-17T15:02:21","date_gmt":"2016-02-17T14:02:21","guid":{"rendered":"https:\/\/www.zahnarzt-isakowitsch.de\/directions-parking-facilities\/"},"modified":"2025-11-05T16:37:23","modified_gmt":"2025-11-05T15:37:23","slug":"directions-parking-facilities","status":"publish","type":"page","link":"https:\/\/www.zahnarzt-isakowitsch.de\/en\/contact-us\/directions-parking-facilities\/","title":{"rendered":"Directions &amp; parking facilities"},"content":{"rendered":"\n<p>Our practice is within walking distance of these stops:<br\/><img loading=\"lazy\" decoding=\"async\" width=\"40\" height=\"40\" class=\"wp-image-1016 img-responsive \" style=\"width: 40px;\" src=\"https:\/\/www.zahnarzt-isakowitsch.de\/wp-content\/uploads\/2021\/06\/S.png\" alt=\"\"\/> S41, S42, S9, S8, S85 to Frankfurter Allee<br\/><img loading=\"lazy\" decoding=\"async\" width=\"40\" height=\"40\" class=\"wp-image-1017 img-responsive \" style=\"width: 40px;\" src=\"https:\/\/www.zahnarzt-isakowitsch.de\/wp-content\/uploads\/2021\/06\/U.png\" alt=\"\"\/> U5 to Frankfurter Allee or Samariterstra\u00dfe<br\/><img loading=\"lazy\" decoding=\"async\" width=\"40\" height=\"40\" class=\"wp-image-1015 img-responsive \" style=\"width: 40px;\" src=\"https:\/\/www.zahnarzt-isakowitsch.de\/wp-content\/uploads\/2021\/06\/TRAM.png\" alt=\"\"\/> Tram M13, Tram 16 to Frankfurter Allee, Tram 21 to Proskauer Stra\u00dfe<br\/><img loading=\"lazy\" decoding=\"async\" width=\"40\" height=\"40\" class=\"wp-image-1014 img-responsive \" style=\"width: 40px;\" src=\"https:\/\/www.zahnarzt-isakowitsch.de\/wp-content\/uploads\/2021\/06\/P.png\" alt=\"\"\/> Parking garage Samariterstra\u00dfe 20<\/p>\n\n<figure class=\"wp-block-image size-full\"><img loading=\"lazy\" decoding=\"async\" width=\"683\" height=\"1024\" src=\"https:\/\/www.zahnarzt-isakowitsch.de\/wp-content\/uploads\/2021\/11\/JET_3859.jpg\" alt=\"\" class=\"wp-image-1183 img-responsive \" srcset=\"https:\/\/www.zahnarzt-isakowitsch.de\/wp-content\/uploads\/2021\/11\/JET_3859.jpg 683w, https:\/\/www.zahnarzt-isakowitsch.de\/wp-content\/uploads\/2021\/11\/JET_3859-500x750.jpg 500w\" sizes=\"auto, (max-width: 683px) 100vw, 683px\" \/><figcaption>JET<\/figcaption><\/figure>\n<div id=\"flxmap-69f2364545558\" class='flxmap-container' data-flxmap='flxmap_69f2364545558' style=\"width:100%;height:400px;\"><\/div>\n<div id='flxmap-69f2364545558-dir' class='flxmap-directions'><\/div>\n<script data-noptimize=\"1\">\n\/* <![CDATA[ *\/\n(function(w, fn) {\n if (w.addEventListener) w.addEventListener(\"DOMContentLoaded\", fn, false);\n else if (w.attachEvent) w.attachEvent(\"onload\", fn);\n})(window, function() {\n var f = new FlexibleMap();\n f.markerDirections = true;\n f.markerDirectionsDiv = \"flxmap-69f2364545558-dir\";\n f.markerDirectionsShow = true;\n f.region = \"de\";\n f.setlocale(\"de\");\n f.markerDescription = \"Praxis f\u00fcr Zahnheilkunde W. Isakowitsch\";\n f.showAddress(\"flxmap-69f2364545558\", \"B\u00e4nschstra\u00dfe 58, 10247 Berlin, Germany\");\n window.flxmap_69f2364545558 = f;\n});\n\/* ]]> *\/\n<\/script>\n\n","protected":false},"excerpt":{"rendered":"<p>Our practice is within walking distance of these stops: S41, S42, S9, S8, S85 to Frankfurter Allee U5 to Frankfurter Allee or Samariterstra\u00dfe Tram M13, Tram 16 to Frankfurter Allee, Tram 21 to Proskauer Stra\u00dfe Parking garage Samariterstra\u00dfe 20<\/p>\n","protected":false},"author":1,"featured_media":0,"parent":1580,"menu_order":0,"comment_status":"closed","ping_status":"closed","template":"","meta":{"ngg_post_thumbnail":0,"footnotes":""},"class_list":["post-1577","page","type-page","status-publish","hentry"],"yoast_head":"<!-- This site is optimized with the Yoast SEO plugin v26.9 - https:\/\/yoast.com\/product\/yoast-seo-wordpress\/ -->\n<title>Directions | Practice for Dentistry | Dentist W. Isakowitsch<\/title>\n<meta name=\"description\" content=\"Here you will find information on directions &amp; parking options | Make an appointment in advance | We look forward to helping you\" \/>\n<meta name=\"robots\" content=\"index, follow, max-snippet:-1, max-image-preview:large, max-video-preview:-1\" \/>\n<link rel=\"canonical\" href=\"https:\/\/www.zahnarzt-isakowitsch.de\/en\/contact-us\/directions-parking-facilities\/\" \/>\n<meta property=\"og:locale\" content=\"en_US\" \/>\n<meta property=\"og:type\" content=\"article\" \/>\n<meta property=\"og:title\" content=\"Directions | Practice for Dentistry | Dentist W. Isakowitsch\" \/>\n<meta property=\"og:description\" content=\"Here you will find information on directions &amp; parking options | Make an appointment in advance | We look forward to helping you\" \/>\n<meta property=\"og:url\" content=\"https:\/\/www.zahnarzt-isakowitsch.de\/en\/contact-us\/directions-parking-facilities\/\" \/>\n<meta property=\"og:site_name\" content=\"Zahnarzt Isakowitsch\" \/>\n<meta property=\"article:modified_time\" content=\"2025-11-05T15:37:23+00:00\" \/>\n<meta property=\"og:image\" content=\"https:\/\/www.zahnarzt-isakowitsch.de\/wp-content\/uploads\/2021\/06\/S.png\" \/>\n\t<meta property=\"og:image:width\" content=\"40\" \/>\n\t<meta property=\"og:image:height\" content=\"40\" \/>\n\t<meta property=\"og:image:type\" content=\"image\/png\" \/>\n<meta name=\"twitter:card\" content=\"summary_large_image\" \/>\n<script type=\"application\/ld+json\" class=\"yoast-schema-graph\">{\"@context\":\"https:\/\/schema.org\",\"@graph\":[{\"@type\":\"WebPage\",\"@id\":\"https:\/\/www.zahnarzt-isakowitsch.de\/en\/contact-us\/directions-parking-facilities\/\",\"url\":\"https:\/\/www.zahnarzt-isakowitsch.de\/en\/contact-us\/directions-parking-facilities\/\",\"name\":\"Directions | Practice for Dentistry | Dentist W. Isakowitsch\",\"isPartOf\":{\"@id\":\"https:\/\/www.zahnarzt-isakowitsch.de\/en\/#website\"},\"primaryImageOfPage\":{\"@id\":\"https:\/\/www.zahnarzt-isakowitsch.de\/en\/contact-us\/directions-parking-facilities\/#primaryimage\"},\"image\":{\"@id\":\"https:\/\/www.zahnarzt-isakowitsch.de\/en\/contact-us\/directions-parking-facilities\/#primaryimage\"},\"thumbnailUrl\":\"https:\/\/www.zahnarzt-isakowitsch.de\/wp-content\/uploads\/2021\/06\/S.png\",\"datePublished\":\"2016-02-17T14:02:21+00:00\",\"dateModified\":\"2025-11-05T15:37:23+00:00\",\"description\":\"Here you will find information on directions & parking options | Make an appointment in advance | We look forward to helping you\",\"breadcrumb\":{\"@id\":\"https:\/\/www.zahnarzt-isakowitsch.de\/en\/contact-us\/directions-parking-facilities\/#breadcrumb\"},\"inLanguage\":\"en-US\",\"potentialAction\":[{\"@type\":\"ReadAction\",\"target\":[\"https:\/\/www.zahnarzt-isakowitsch.de\/en\/contact-us\/directions-parking-facilities\/\"]}]},{\"@type\":\"ImageObject\",\"inLanguage\":\"en-US\",\"@id\":\"https:\/\/www.zahnarzt-isakowitsch.de\/en\/contact-us\/directions-parking-facilities\/#primaryimage\",\"url\":\"https:\/\/www.zahnarzt-isakowitsch.de\/wp-content\/uploads\/2021\/06\/S.png\",\"contentUrl\":\"https:\/\/www.zahnarzt-isakowitsch.de\/wp-content\/uploads\/2021\/06\/S.png\"},{\"@type\":\"BreadcrumbList\",\"@id\":\"https:\/\/www.zahnarzt-isakowitsch.de\/en\/contact-us\/directions-parking-facilities\/#breadcrumb\",\"itemListElement\":[{\"@type\":\"ListItem\",\"position\":1,\"name\":\"Startseite\",\"item\":\"https:\/\/www.zahnarzt-isakowitsch.de\/en\/\"},{\"@type\":\"ListItem\",\"position\":2,\"name\":\"Contact us\",\"item\":\"https:\/\/www.zahnarzt-isakowitsch.de\/en\/contact-us\/\"},{\"@type\":\"ListItem\",\"position\":3,\"name\":\"Directions &amp; parking facilities\"}]},{\"@type\":\"WebSite\",\"@id\":\"https:\/\/www.zahnarzt-isakowitsch.de\/en\/#website\",\"url\":\"https:\/\/www.zahnarzt-isakowitsch.de\/en\/\",\"name\":\"Zahnarzt Isakowitsch\",\"description\":\"Praxis f\u00fcr Zahnheilkunde\",\"potentialAction\":[{\"@type\":\"SearchAction\",\"target\":{\"@type\":\"EntryPoint\",\"urlTemplate\":\"https:\/\/www.zahnarzt-isakowitsch.de\/en\/?s={search_term_string}\"},\"query-input\":{\"@type\":\"PropertyValueSpecification\",\"valueRequired\":true,\"valueName\":\"search_term_string\"}}],\"inLanguage\":\"en-US\"}]}<\/script>\n<!-- \/ Yoast SEO plugin. -->","yoast_head_json":{"title":"Directions | Practice for Dentistry | Dentist W. Isakowitsch","description":"Here you will find information on directions & parking options | Make an appointment in advance | We look forward to helping you","robots":{"index":"index","follow":"follow","max-snippet":"max-snippet:-1","max-image-preview":"max-image-preview:large","max-video-preview":"max-video-preview:-1"},"canonical":"https:\/\/www.zahnarzt-isakowitsch.de\/en\/contact-us\/directions-parking-facilities\/","og_locale":"en_US","og_type":"article","og_title":"Directions | Practice for Dentistry | Dentist W. Isakowitsch","og_description":"Here you will find information on directions & parking options | Make an appointment in advance | We look forward to helping you","og_url":"https:\/\/www.zahnarzt-isakowitsch.de\/en\/contact-us\/directions-parking-facilities\/","og_site_name":"Zahnarzt Isakowitsch","article_modified_time":"2025-11-05T15:37:23+00:00","og_image":[{"width":40,"height":40,"url":"https:\/\/www.zahnarzt-isakowitsch.de\/wp-content\/uploads\/2021\/06\/S.png","type":"image\/png"}],"twitter_card":"summary_large_image","schema":{"@context":"https:\/\/schema.org","@graph":[{"@type":"WebPage","@id":"https:\/\/www.zahnarzt-isakowitsch.de\/en\/contact-us\/directions-parking-facilities\/","url":"https:\/\/www.zahnarzt-isakowitsch.de\/en\/contact-us\/directions-parking-facilities\/","name":"Directions | Practice for Dentistry | Dentist W. Isakowitsch","isPartOf":{"@id":"https:\/\/www.zahnarzt-isakowitsch.de\/en\/#website"},"primaryImageOfPage":{"@id":"https:\/\/www.zahnarzt-isakowitsch.de\/en\/contact-us\/directions-parking-facilities\/#primaryimage"},"image":{"@id":"https:\/\/www.zahnarzt-isakowitsch.de\/en\/contact-us\/directions-parking-facilities\/#primaryimage"},"thumbnailUrl":"https:\/\/www.zahnarzt-isakowitsch.de\/wp-content\/uploads\/2021\/06\/S.png","datePublished":"2016-02-17T14:02:21+00:00","dateModified":"2025-11-05T15:37:23+00:00","description":"Here you will find information on directions & parking options | Make an appointment in advance | We look forward to helping you","breadcrumb":{"@id":"https:\/\/www.zahnarzt-isakowitsch.de\/en\/contact-us\/directions-parking-facilities\/#breadcrumb"},"inLanguage":"en-US","potentialAction":[{"@type":"ReadAction","target":["https:\/\/www.zahnarzt-isakowitsch.de\/en\/contact-us\/directions-parking-facilities\/"]}]},{"@type":"ImageObject","inLanguage":"en-US","@id":"https:\/\/www.zahnarzt-isakowitsch.de\/en\/contact-us\/directions-parking-facilities\/#primaryimage","url":"https:\/\/www.zahnarzt-isakowitsch.de\/wp-content\/uploads\/2021\/06\/S.png","contentUrl":"https:\/\/www.zahnarzt-isakowitsch.de\/wp-content\/uploads\/2021\/06\/S.png"},{"@type":"BreadcrumbList","@id":"https:\/\/www.zahnarzt-isakowitsch.de\/en\/contact-us\/directions-parking-facilities\/#breadcrumb","itemListElement":[{"@type":"ListItem","position":1,"name":"Startseite","item":"https:\/\/www.zahnarzt-isakowitsch.de\/en\/"},{"@type":"ListItem","position":2,"name":"Contact us","item":"https:\/\/www.zahnarzt-isakowitsch.de\/en\/contact-us\/"},{"@type":"ListItem","position":3,"name":"Directions &amp; parking facilities"}]},{"@type":"WebSite","@id":"https:\/\/www.zahnarzt-isakowitsch.de\/en\/#website","url":"https:\/\/www.zahnarzt-isakowitsch.de\/en\/","name":"Zahnarzt Isakowitsch","description":"Praxis f\u00fcr Zahnheilkunde","potentialAction":[{"@type":"SearchAction","target":{"@type":"EntryPoint","urlTemplate":"https:\/\/www.zahnarzt-isakowitsch.de\/en\/?s={search_term_string}"},"query-input":{"@type":"PropertyValueSpecification","valueRequired":true,"valueName":"search_term_string"}}],"inLanguage":"en-US"}]}},"jetpack_shortlink":"https:\/\/wp.me\/P9yks1-pr","jetpack_sharing_enabled":true,"_links":{"self":[{"href":"https:\/\/www.zahnarzt-isakowitsch.de\/en\/wp-json\/wp\/v2\/pages\/1577","targetHints":{"allow":["GET"]}}],"collection":[{"href":"https:\/\/www.zahnarzt-isakowitsch.de\/en\/wp-json\/wp\/v2\/pages"}],"about":[{"href":"https:\/\/www.zahnarzt-isakowitsch.de\/en\/wp-json\/wp\/v2\/types\/page"}],"author":[{"embeddable":true,"href":"https:\/\/www.zahnarzt-isakowitsch.de\/en\/wp-json\/wp\/v2\/users\/1"}],"replies":[{"embeddable":true,"href":"https:\/\/www.zahnarzt-isakowitsch.de\/en\/wp-json\/wp\/v2\/comments?post=1577"}],"version-history":[{"count":2,"href":"https:\/\/www.zahnarzt-isakowitsch.de\/en\/wp-json\/wp\/v2\/pages\/1577\/revisions"}],"predecessor-version":[{"id":1579,"href":"https:\/\/www.zahnarzt-isakowitsch.de\/en\/wp-json\/wp\/v2\/pages\/1577\/revisions\/1579"}],"up":[{"embeddable":true,"href":"https:\/\/www.zahnarzt-isakowitsch.de\/en\/wp-json\/wp\/v2\/pages\/1580"}],"wp:attachment":[{"href":"https:\/\/www.zahnarzt-isakowitsch.de\/en\/wp-json\/wp\/v2\/media?parent=1577"}],"curies":[{"name":"wp","href":"https:\/\/api.w.org\/{rel}","templated":true}]}}